{"id":507,"date":"2026-04-06T03:26:01","date_gmt":"2026-04-06T01:26:01","guid":{"rendered":"https:\/\/resuelvetucontrato.com\/?page_id=507"},"modified":"2026-04-07T21:20:02","modified_gmt":"2026-04-07T19:20:02","slug":"formulario","status":"publish","type":"page","link":"https:\/\/resuelvetucontrato.com\/index.php\/formulario\/","title":{"rendered":"Formulario"},"content":{"rendered":"\t\t<div data-elementor-type=\"wp-page\" data-elementor-id=\"507\" class=\"elementor elementor-507\" data-elementor-post-type=\"page\">\n\t\t\t\t<div class=\"elementor-element elementor-element-3951ad8 e-grid e-con-boxed e-con e-parent\" data-id=\"3951ad8\" data-element_type=\"container\" data-e-type=\"container\" data-settings=\"{&quot;background_background&quot;:&quot;classic&quot;}\">\n\t\t\t\t\t<div class=\"e-con-inner\">\n\t\t<div class=\"elementor-element elementor-element-a47eff2 e-con-full e-flex e-con e-child\" data-id=\"a47eff2\" data-element_type=\"container\" data-e-type=\"container\" data-settings=\"{&quot;background_background&quot;:&quot;classic&quot;}\">\n\t\t\t\t<div class=\"elementor-element elementor-element-4e7d60f elementor-widget elementor-widget-text-editor\" data-id=\"4e7d60f\" data-element_type=\"widget\" data-e-type=\"widget\" data-widget_type=\"text-editor.default\">\n\t\t\t\t<div class=\"elementor-widget-container\">\n\t\t\t\t\t\t\t\t\t<p><strong>Con nuestra asesor\u00eda, cientos de personas han <em><u>recuperado el pie<\/u><\/em> <em><u>de su inversi\u00f3n inmobiliaria<\/u><\/em> de forma segura y garantizada.<\/strong><\/p><p><strong>Agendar una reuni\u00f3n es el <em>primer paso<\/em> para <em><u>recuperar tu pie.<\/u><\/em><\/strong><\/p><p><strong>Esta reuni\u00f3n ser\u00e1 totalmente <em><u>gratis.<\/u><\/em><\/strong><\/p>\t\t\t\t\t\t\t\t<\/div>\n\t\t\t\t<\/div>\n\t\t\t\t<\/div>\n\t\t<div class=\"elementor-element elementor-element-21e87e1 e-con-full e-grid e-con e-child\" data-id=\"21e87e1\" data-element_type=\"container\" data-e-type=\"container\">\n\t\t<div class=\"elementor-element elementor-element-71aafc0 e-con-full e-flex e-con e-child\" data-id=\"71aafc0\" data-element_type=\"container\" data-e-type=\"container\" data-settings=\"{&quot;background_background&quot;:&quot;classic&quot;}\">\n\t\t\t\t<div class=\"elementor-element elementor-element-fbbdd05 elementor-widget elementor-widget-heading\" data-id=\"fbbdd05\" data-element_type=\"widget\" data-e-type=\"widget\" data-widget_type=\"heading.default\">\n\t\t\t\t<div class=\"elementor-widget-container\">\n\t\t\t\t\t<h2 class=\"elementor-heading-title elementor-size-default\">Obt\u00e9n asesor\u00eda gratuita completando el formulario.\n<\/h2>\t\t\t\t<\/div>\n\t\t\t\t<\/div>\n\t\t\t\t<div class=\"elementor-element elementor-element-5a9bbd8 elementor-button-align-stretch elementor-widget elementor-widget-form\" data-id=\"5a9bbd8\" data-element_type=\"widget\" data-e-type=\"widget\" data-settings=\"{&quot;step_next_label&quot;:&quot;Next&quot;,&quot;step_previous_label&quot;:&quot;Previous&quot;,&quot;button_width&quot;:&quot;100&quot;,&quot;step_type&quot;:&quot;number_text&quot;,&quot;step_icon_shape&quot;:&quot;circle&quot;}\" data-widget_type=\"form.default\">\n\t\t\t\t<div class=\"elementor-widget-container\">\n\t\t\t\t\t\t\t<form class=\"elementor-form\" method=\"post\" name=\"New Form\">\n\t\t\t<input type=\"hidden\" name=\"post_id\" value=\"507\"\/>\n\t\t\t<input type=\"hidden\" name=\"form_id\" value=\"5a9bbd8\"\/>\n\t\t\t<input type=\"hidden\" name=\"referer_title\" value=\"Resuelve tu contrato\" \/>\n\n\t\t\t\n\t\t\t<div class=\"elementor-form-fields-wrapper elementor-labels-above\">\n\t\t\t\t\t\t\t\t<div class=\"elementor-field-type-step elementor-field-group elementor-column elementor-field-group-field_e095caa elementor-col-100\">\n\t\t\t\t\t\t\t<div class=\"e-field-step elementor-hidden\" data-label=\"\" data-previousButton=\"\" data-nextButton=\"\" data-iconUrl=\"\" data-iconLibrary=\"fas fa-star\" data-icon=\"&lt;svg class=&quot;e-font-icon-svg e-fas-star&quot; viewBox=&quot;0 0 576 512&quot; xmlns=&quot;http:\/\/www.w3.org\/2000\/svg&quot;&gt;&lt;path d=&quot;M259.3 17.8L194 150.2 47.9 171.5c-26.2 3.8-36.7 36.1-17.7 54.6l105.7 103-25 145.5c-4.5 26.3 23.2 46 46.4 33.7L288 439.6l130.7 68.7c23.2 12.2 50.9-7.4 46.4-33.7l-25-145.5 105.7-103c19-18.5 8.5-50.8-17.7-54.6L382 150.2 316.7 17.8c-11.7-23.6-45.6-23.9-57.4 0z&quot;&gt;&lt;\/path&gt;&lt;\/svg&gt;\" ><\/div>\n\n\t\t\t\t\t\t<\/div>\n\t\t\t\t\t\t\t\t<div class=\"elementor-field-type-text elementor-field-group elementor-column elementor-field-group-name elementor-col-100 elementor-field-required elementor-mark-required\">\n\t\t\t\t\t\t\t\t\t\t\t\t<label for=\"form-field-name\" class=\"elementor-field-label\">\n\t\t\t\t\t\t\t\tRUT\t\t\t\t\t\t\t<\/label>\n\t\t\t\t\t\t\t\t\t\t\t\t\t\t<input size=\"1\" type=\"text\" name=\"form_fields[name]\" id=\"form-field-name\" class=\"elementor-field elementor-size-sm  elementor-field-textual\" required=\"required\" aria-required=\"true\">\n\t\t\t\t\t\t\t\t\t\t\t<\/div>\n\t\t\t\t\t\t\t\t<div class=\"elementor-field-type-text elementor-field-group elementor-column elementor-field-group-email elementor-col-100 elementor-field-required elementor-mark-required\">\n\t\t\t\t\t\t\t\t\t\t\t\t<label for=\"form-field-email\" class=\"elementor-field-label\">\n\t\t\t\t\t\t\t\tNombre y Apellido\t\t\t\t\t\t\t<\/label>\n\t\t\t\t\t\t\t\t\t\t\t\t\t\t<input size=\"1\" type=\"text\" name=\"form_fields[email]\" id=\"form-field-email\" class=\"elementor-field elementor-size-sm  elementor-field-textual\" required=\"required\" aria-required=\"true\">\n\t\t\t\t\t\t\t\t\t\t\t<\/div>\n\t\t\t\t\t\t\t\t<div class=\"elementor-field-type-tel elementor-field-group elementor-column elementor-field-group-field_1e77db2 elementor-col-100 elementor-field-required elementor-mark-required\">\n\t\t\t\t\t\t\t\t\t\t\t\t<label for=\"form-field-field_1e77db2\" class=\"elementor-field-label\">\n\t\t\t\t\t\t\t\tTel\u00e9fono\t\t\t\t\t\t\t<\/label>\n\t\t\t\t\t\t\t\t<input size=\"1\" type=\"tel\" name=\"form_fields[field_1e77db2]\" id=\"form-field-field_1e77db2\" class=\"elementor-field elementor-size-sm  elementor-field-textual\" required=\"required\" aria-required=\"true\" pattern=\"[0-9()#&amp;+*-=.]+\" title=\"Only numbers and phone characters (#, -, *, etc) are accepted.\">\n\n\t\t\t\t\t\t<\/div>\n\t\t\t\t\t\t\t\t<div class=\"elementor-field-type-email elementor-field-group elementor-column elementor-field-group-field_c07725c elementor-col-100\">\n\t\t\t\t\t\t\t\t\t\t\t\t<label for=\"form-field-field_c07725c\" class=\"elementor-field-label\">\n\t\t\t\t\t\t\t\tCorreo\t\t\t\t\t\t\t<\/label>\n\t\t\t\t\t\t\t\t\t\t\t\t\t\t<input size=\"1\" type=\"email\" name=\"form_fields[field_c07725c]\" id=\"form-field-field_c07725c\" class=\"elementor-field elementor-size-sm  elementor-field-textual\">\n\t\t\t\t\t\t\t\t\t\t\t<\/div>\n\t\t\t\t\t\t\t\t<div class=\"elementor-field-type-select elementor-field-group elementor-column elementor-field-group-field_27b6c7b elementor-col-100\">\n\t\t\t\t\t\t\t\t\t\t\t\t<label for=\"form-field-field_27b6c7b\" class=\"elementor-field-label\">\n\t\t\t\t\t\t\t\t\u00bfQu\u00e9 caso te identifica m\u00e1s?\t\t\t\t\t\t\t<\/label>\n\t\t\t\t\t\t\t\t<div class=\"elementor-field elementor-select-wrapper remove-before \">\n\t\t\t<div class=\"select-caret-down-wrapper\">\n\t\t\t\t<svg aria-hidden=\"true\" class=\"e-font-icon-svg e-eicon-caret-down\" viewBox=\"0 0 571.4 571.4\" xmlns=\"http:\/\/www.w3.org\/2000\/svg\"><path d=\"M571 393Q571 407 561 418L311 668Q300 679 286 679T261 668L11 418Q0 407 0 393T11 368 36 357H536Q550 357 561 368T571 393Z\"><\/path><\/svg>\t\t\t<\/div>\n\t\t\t<select name=\"form_fields[field_27b6c7b]\" id=\"form-field-field_27b6c7b\" class=\"elementor-field-textual elementor-size-sm\">\n\t\t\t\t\t\t\t\t\t<option value=\"Retraso en la entrega\">Retraso en la entrega<\/option>\n\t\t\t\t\t\t\t\t\t<option value=\"Incumplimientos de la inmobiliaria\">Incumplimientos de la inmobiliaria<\/option>\n\t\t\t\t\t\t\t\t\t<option value=\"Cambio unilateral de condiciones\">Cambio unilateral de condiciones<\/option>\n\t\t\t\t\t\t\t\t\t<option value=\"Dificultades econ\u00f3micas\">Dificultades econ\u00f3micas<\/option>\n\t\t\t\t\t\t\t\t\t<option value=\"Rechazo del cr\u00e9dito\">Rechazo del cr\u00e9dito<\/option>\n\t\t\t\t\t\t\t<\/select>\n\t\t<\/div>\n\t\t\t\t\t\t<\/div>\n\t\t\t\t\t\t\t\t<div class=\"elementor-field-group elementor-column elementor-field-type-submit elementor-col-100 e-form__buttons\">\n\t\t\t\t\t<button type=\"submit\" class=\"elementor-button elementor-size-sm\">\n\t\t\t\t\t\t<span >\n\t\t\t\t\t\t\t\t\t\t\t\t\t\t\t<span class=\" elementor-button-icon\">\n\t\t\t\t\t\t\t\t\t\t\t\t\t\t\t\t\t\t\t\t\t\t\t\t\t\t<\/span>\n\t\t\t\t\t\t\t\t\t\t\t\t\t\t\t\t\t\t\t\t\t\t<span class=\"elementor-button-text\">QUIERO ASESOR\u00cdA LEGAL<\/span>\n\t\t\t\t\t\t\t\t\t\t\t\t\t<\/span>\n\t\t\t\t\t<\/button>\n\t\t\t\t<\/div>\n\t\t\t<\/div>\n\t\t<\/form>\n\t\t\t\t\t\t<\/div>\n\t\t\t\t<\/div>\n\t\t\t\t<\/div>\n\t\t\t\t<\/div>\n\t\t\t\t\t<\/div>\n\t\t\t\t<\/div>\n\t\t\t\t<\/div>\n\t\t","protected":false},"excerpt":{"rendered":"<p>Con nuestra asesor\u00eda, cientos de personas han recuperado el pie de su inversi\u00f3n inmobiliaria de forma segura y garantizada. Agendar una reuni\u00f3n es el primer paso para recuperar tu pie. Esta reuni\u00f3n ser\u00e1 totalmente gratis. Obt\u00e9n asesor\u00eda gratuita completando el formulario.<\/p>\n","protected":false},"author":3,"featured_media":0,"parent":0,"menu_order":0,"comment_status":"closed","ping_status":"closed","template":"","meta":{"_joinchat":[],"footnotes":""},"class_list":["post-507","page","type-page","status-publish","hentry"],"yoast_head":"<!-- This site is optimized with the Yoast SEO plugin v21.6 - https:\/\/yoast.com\/wordpress\/plugins\/seo\/ -->\n<title>Formulario - Resuelve tu contrato<\/title>\n<meta name=\"robots\" content=\"index, follow, max-snippet:-1, max-image-preview:large, max-video-preview:-1\" \/>\n<link rel=\"canonical\" href=\"https:\/\/resuelvetucontrato.com\/index.php\/formulario\/\" \/>\n<meta property=\"og:locale\" content=\"es_ES\" \/>\n<meta property=\"og:type\" content=\"article\" \/>\n<meta property=\"og:title\" content=\"Formulario - Resuelve tu contrato\" \/>\n<meta property=\"og:description\" content=\"Con nuestra asesor\u00eda, cientos de personas han recuperado el pie de su inversi\u00f3n inmobiliaria de forma segura y garantizada. Agendar una reuni\u00f3n es el primer paso para recuperar tu pie. Esta reuni\u00f3n ser\u00e1 totalmente gratis. Obt\u00e9n asesor\u00eda gratuita completando el formulario.\" \/>\n<meta property=\"og:url\" content=\"https:\/\/resuelvetucontrato.com\/index.php\/formulario\/\" \/>\n<meta property=\"og:site_name\" content=\"Resuelve tu contrato\" \/>\n<meta property=\"article:modified_time\" content=\"2026-04-07T19:20:02+00:00\" \/>\n<meta name=\"twitter:card\" content=\"summary_large_image\" \/>\n<meta name=\"twitter:label1\" content=\"Tiempo de lectura\" \/>\n\t<meta name=\"twitter:data1\" content=\"1 minuto\" \/>\n<script type=\"application\/ld+json\" class=\"yoast-schema-graph\">{\"@context\":\"https:\/\/schema.org\",\"@graph\":[{\"@type\":\"WebPage\",\"@id\":\"https:\/\/resuelvetucontrato.com\/index.php\/formulario\/\",\"url\":\"https:\/\/resuelvetucontrato.com\/index.php\/formulario\/\",\"name\":\"Formulario - Resuelve tu contrato\",\"isPartOf\":{\"@id\":\"https:\/\/resuelvetucontrato.com\/#website\"},\"datePublished\":\"2026-04-06T01:26:01+00:00\",\"dateModified\":\"2026-04-07T19:20:02+00:00\",\"breadcrumb\":{\"@id\":\"https:\/\/resuelvetucontrato.com\/index.php\/formulario\/#breadcrumb\"},\"inLanguage\":\"es\",\"potentialAction\":[{\"@type\":\"ReadAction\",\"target\":[\"https:\/\/resuelvetucontrato.com\/index.php\/formulario\/\"]}]},{\"@type\":\"BreadcrumbList\",\"@id\":\"https:\/\/resuelvetucontrato.com\/index.php\/formulario\/#breadcrumb\",\"itemListElement\":[{\"@type\":\"ListItem\",\"position\":1,\"name\":\"Home\",\"item\":\"https:\/\/resuelvetucontrato.com\/\"},{\"@type\":\"ListItem\",\"position\":2,\"name\":\"Formulario\"}]},{\"@type\":\"WebSite\",\"@id\":\"https:\/\/resuelvetucontrato.com\/#website\",\"url\":\"https:\/\/resuelvetucontrato.com\/\",\"name\":\"Resuelve tu contrato\",\"description\":\"\",\"publisher\":{\"@id\":\"https:\/\/resuelvetucontrato.com\/#organization\"},\"potentialAction\":[{\"@type\":\"SearchAction\",\"target\":{\"@type\":\"EntryPoint\",\"urlTemplate\":\"https:\/\/resuelvetucontrato.com\/?s={search_term_string}\"},\"query-input\":\"required name=search_term_string\"}],\"inLanguage\":\"es\"},{\"@type\":\"Organization\",\"@id\":\"https:\/\/resuelvetucontrato.com\/#organization\",\"name\":\"Resuelve tu contrato\",\"url\":\"https:\/\/resuelvetucontrato.com\/\",\"logo\":{\"@type\":\"ImageObject\",\"inLanguage\":\"es\",\"@id\":\"https:\/\/resuelvetucontrato.com\/#\/schema\/logo\/image\/\",\"url\":\"https:\/\/resuelvetucontrato.com\/wp-content\/uploads\/2023\/11\/LOGO-COLORES-1.png\",\"contentUrl\":\"https:\/\/resuelvetucontrato.com\/wp-content\/uploads\/2023\/11\/LOGO-COLORES-1.png\",\"width\":1000,\"height\":1000,\"caption\":\"Resuelve tu contrato\"},\"image\":{\"@id\":\"https:\/\/resuelvetucontrato.com\/#\/schema\/logo\/image\/\"}}]}<\/script>\n<!-- \/ Yoast SEO plugin. -->","yoast_head_json":{"title":"Formulario - Resuelve tu contrato","robots":{"index":"index","follow":"follow","max-snippet":"max-snippet:-1","max-image-preview":"max-image-preview:large","max-video-preview":"max-video-preview:-1"},"canonical":"https:\/\/resuelvetucontrato.com\/index.php\/formulario\/","og_locale":"es_ES","og_type":"article","og_title":"Formulario - Resuelve tu contrato","og_description":"Con nuestra asesor\u00eda, cientos de personas han recuperado el pie de su inversi\u00f3n inmobiliaria de forma segura y garantizada. Agendar una reuni\u00f3n es el primer paso para recuperar tu pie. Esta reuni\u00f3n ser\u00e1 totalmente gratis. Obt\u00e9n asesor\u00eda gratuita completando el formulario.","og_url":"https:\/\/resuelvetucontrato.com\/index.php\/formulario\/","og_site_name":"Resuelve tu contrato","article_modified_time":"2026-04-07T19:20:02+00:00","twitter_card":"summary_large_image","twitter_misc":{"Tiempo de lectura":"1 minuto"},"schema":{"@context":"https:\/\/schema.org","@graph":[{"@type":"WebPage","@id":"https:\/\/resuelvetucontrato.com\/index.php\/formulario\/","url":"https:\/\/resuelvetucontrato.com\/index.php\/formulario\/","name":"Formulario - Resuelve tu contrato","isPartOf":{"@id":"https:\/\/resuelvetucontrato.com\/#website"},"datePublished":"2026-04-06T01:26:01+00:00","dateModified":"2026-04-07T19:20:02+00:00","breadcrumb":{"@id":"https:\/\/resuelvetucontrato.com\/index.php\/formulario\/#breadcrumb"},"inLanguage":"es","potentialAction":[{"@type":"ReadAction","target":["https:\/\/resuelvetucontrato.com\/index.php\/formulario\/"]}]},{"@type":"BreadcrumbList","@id":"https:\/\/resuelvetucontrato.com\/index.php\/formulario\/#breadcrumb","itemListElement":[{"@type":"ListItem","position":1,"name":"Home","item":"https:\/\/resuelvetucontrato.com\/"},{"@type":"ListItem","position":2,"name":"Formulario"}]},{"@type":"WebSite","@id":"https:\/\/resuelvetucontrato.com\/#website","url":"https:\/\/resuelvetucontrato.com\/","name":"Resuelve tu contrato","description":"","publisher":{"@id":"https:\/\/resuelvetucontrato.com\/#organization"},"potentialAction":[{"@type":"SearchAction","target":{"@type":"EntryPoint","urlTemplate":"https:\/\/resuelvetucontrato.com\/?s={search_term_string}"},"query-input":"required name=search_term_string"}],"inLanguage":"es"},{"@type":"Organization","@id":"https:\/\/resuelvetucontrato.com\/#organization","name":"Resuelve tu contrato","url":"https:\/\/resuelvetucontrato.com\/","logo":{"@type":"ImageObject","inLanguage":"es","@id":"https:\/\/resuelvetucontrato.com\/#\/schema\/logo\/image\/","url":"https:\/\/resuelvetucontrato.com\/wp-content\/uploads\/2023\/11\/LOGO-COLORES-1.png","contentUrl":"https:\/\/resuelvetucontrato.com\/wp-content\/uploads\/2023\/11\/LOGO-COLORES-1.png","width":1000,"height":1000,"caption":"Resuelve tu contrato"},"image":{"@id":"https:\/\/resuelvetucontrato.com\/#\/schema\/logo\/image\/"}}]}},"_links":{"self":[{"href":"https:\/\/resuelvetucontrato.com\/index.php\/wp-json\/wp\/v2\/pages\/507","targetHints":{"allow":["GET"]}}],"collection":[{"href":"https:\/\/resuelvetucontrato.com\/index.php\/wp-json\/wp\/v2\/pages"}],"about":[{"href":"https:\/\/resuelvetucontrato.com\/index.php\/wp-json\/wp\/v2\/types\/page"}],"author":[{"embeddable":true,"href":"https:\/\/resuelvetucontrato.com\/index.php\/wp-json\/wp\/v2\/users\/3"}],"replies":[{"embeddable":true,"href":"https:\/\/resuelvetucontrato.com\/index.php\/wp-json\/wp\/v2\/comments?post=507"}],"version-history":[{"count":30,"href":"https:\/\/resuelvetucontrato.com\/index.php\/wp-json\/wp\/v2\/pages\/507\/revisions"}],"predecessor-version":[{"id":599,"href":"https:\/\/resuelvetucontrato.com\/index.php\/wp-json\/wp\/v2\/pages\/507\/revisions\/599"}],"wp:attachment":[{"href":"https:\/\/resuelvetucontrato.com\/index.php\/wp-json\/wp\/v2\/media?parent=507"}],"curies":[{"name":"wp","href":"https:\/\/api.w.org\/{rel}","templated":true}]}}